{"id":107,"date":"2023-12-29T17:04:56","date_gmt":"2023-12-29T16:04:56","guid":{"rendered":"http:\/\/www.ordaline.fr\/?page_id=107"},"modified":"2024-06-20T18:59:44","modified_gmt":"2024-06-20T16:59:44","slug":"contact","status":"publish","type":"page","link":"https:\/\/www.ordaline.fr\/index.php\/contact\/","title":{"rendered":"Contact"},"content":{"rendered":"\n<p>N&#8217;h\u00e9sites pas \u00e0 me poser tes questions, je te r\u00e9pondrai sous quelques jours !<\/p>\n\n\n<div class=\"wp-block-jetpack-contact-form\"><a href=\"https:\/\/www.ordaline.fr\/index.php\/contact\/\" target=\"_blank\" rel=\"noopener noreferrer\">Submit a form.<\/a><\/div>\n\n\n<p>Tu peux \u00e9galement me suivre sur Instagram <a href=\"https:\/\/www.instagram.com\/ordaline60?igsh=b21mNHhjdHZqb2k=\" target=\"_blank\" rel=\"noreferrer noopener\">@Ordaline60<\/a><\/p>\n\n\n\n<p><\/p>\n","protected":false},"excerpt":{"rendered":"<p>N&#8217;h\u00e9sites pas \u00e0 me poser tes questions, je te r\u00e9pondrai sous quelques jours ! Tu peux \u00e9galement me suivre sur Instagram @Ordaline60<\/p>\n","protected":false},"author":1,"featured_media":0,"parent":0,"menu_order":0,"comment_status":"closed","ping_status":"closed","template":"","meta":{"footnotes":""},"class_list":["post-107","page","type-page","status-publish","hentry"],"jetpack_sharing_enabled":true,"_links":{"self":[{"href":"https:\/\/www.ordaline.fr\/index.php\/wp-json\/wp\/v2\/pages\/107","targetHints":{"allow":["GET"]}}],"collection":[{"href":"https:\/\/www.ordaline.fr\/index.php\/wp-json\/wp\/v2\/pages"}],"about":[{"href":"https:\/\/www.ordaline.fr\/index.php\/wp-json\/wp\/v2\/types\/page"}],"author":[{"embeddable":true,"href":"https:\/\/www.ordaline.fr\/index.php\/wp-json\/wp\/v2\/users\/1"}],"replies":[{"embeddable":true,"href":"https:\/\/www.ordaline.fr\/index.php\/wp-json\/wp\/v2\/comments?post=107"}],"version-history":[{"count":4,"href":"https:\/\/www.ordaline.fr\/index.php\/wp-json\/wp\/v2\/pages\/107\/revisions"}],"predecessor-version":[{"id":251,"href":"https:\/\/www.ordaline.fr\/index.php\/wp-json\/wp\/v2\/pages\/107\/revisions\/251"}],"wp:attachment":[{"href":"https:\/\/www.ordaline.fr\/index.php\/wp-json\/wp\/v2\/media?parent=107"}],"curies":[{"name":"wp","href":"https:\/\/api.w.org\/{rel}","templated":true}]}}